{"id":302,"date":"2011-02-22T14:00:47","date_gmt":"2011-02-22T14:00:47","guid":{"rendered":"http:\/\/www.pszs.wieruszow.pl\/?page_id=302"},"modified":"2016-10-01T21:00:00","modified_gmt":"2016-10-01T21:00:00","slug":"organizatorzy","status":"publish","type":"page","link":"http:\/\/www.pszs.wieruszow.pl\/?page_id=302","title":{"rendered":"Organizatorzy"},"content":{"rendered":"<p class=\"tytul\">Gminni Organizatorzy Imprez PSZS w Wieruszowie<br \/>\nPowiatowego Szkolnego Zwi\u0105zku Sportowego w Wieruszowie<\/p>\n<p class=\"srod\">Wierusz\u00f3w &#8211; <strong>Adam Walacik, Mariusz Moska<\/strong><br \/>\nGalewice &#8211; <strong>Roman Pazek<\/strong><br \/>\nLutut\u00f3w &#8211; <strong>Katarzyna Pilarz<\/strong><br \/>\nSokolniki &#8211; <strong>Jaros\u0142aw Glinka<\/strong><br \/>\nCzastary &#8211; <strong>Marek Dudka<\/strong><br \/>\nBoles\u0142awiec &#8211;\u00a0<strong>Dominik Tobis<\/strong><br \/>\n\u0141ubnice &#8211; <strong>Micha\u0142 Pazek<\/strong><\/p>\n<p class=\"tytul\">Powiatowi Organizatorzy Imprez<br \/>\nPowiatowego Szkolnego Zwi\u0105zku Sportowego w Wieruszowie<\/p>\n<p class=\"srod\"><strong>Adam Walacik<\/strong> &#8211; Igrzrzyska M\u0142odzie\u017cy Szkolnej<br \/>\n<strong>Mariusz Moska<\/strong> &#8211; Gimnazjada<br \/>\n<strong>Jaros\u0142aw Urbaniak<\/strong> &#8211; Licealiada (koordynator powiatowy)<\/p>\n<p>&nbsp;<\/p>\n","protected":false},"excerpt":{"rendered":"<p>Gminni Organizatorzy Imprez PSZS w Wieruszowie Powiatowego Szkolnego Zwi\u0105zku Sportowego w Wieruszowie Wierusz\u00f3w &#8211; Adam Walacik, Mariusz Moska Galewice &#8211; Roman Pazek Lutut\u00f3w &#8211; Katarzyna Pilarz Sokolniki &#8211; Jaros\u0142aw Glinka Czastary &#8211; Marek Dudka Boles\u0142awiec &#8211;\u00a0Dominik Tobis \u0141ubnice &#8211; Micha\u0142 Pazek Powiatowi Organizatorzy Imprez Powiatowego Szkolnego Zwi\u0105zku Sportowego w Wieruszowie Adam Walacik &#8211; Igrzrzyska M\u0142odzie\u017cy [&hellip;]<\/p>\n","protected":false},"author":2,"featured_media":0,"parent":62,"menu_order":0,"comment_status":"closed","ping_status":"closed","template":"page-full.php","meta":[],"_links":{"self":[{"href":"http:\/\/www.pszs.wieruszow.pl\/index.php?rest_route=\/wp\/v2\/pages\/302"}],"collection":[{"href":"http:\/\/www.pszs.wieruszow.pl\/index.php?rest_route=\/wp\/v2\/pages"}],"about":[{"href":"http:\/\/www.pszs.wieruszow.pl\/index.php?rest_route=\/wp\/v2\/types\/page"}],"author":[{"embeddable":true,"href":"http:\/\/www.pszs.wieruszow.pl\/index.php?rest_route=\/wp\/v2\/users\/2"}],"replies":[{"embeddable":true,"href":"http:\/\/www.pszs.wieruszow.pl\/index.php?rest_route=%2Fwp%2Fv2%2Fcomments&post=302"}],"version-history":[{"count":4,"href":"http:\/\/www.pszs.wieruszow.pl\/index.php?rest_route=\/wp\/v2\/pages\/302\/revisions"}],"predecessor-version":[{"id":8586,"href":"http:\/\/www.pszs.wieruszow.pl\/index.php?rest_route=\/wp\/v2\/pages\/302\/revisions\/8586"}],"up":[{"embeddable":true,"href":"http:\/\/www.pszs.wieruszow.pl\/index.php?rest_route=\/wp\/v2\/pages\/62"}],"wp:attachment":[{"href":"http:\/\/www.pszs.wieruszow.pl\/index.php?rest_route=%2Fwp%2Fv2%2Fmedia&parent=302"}],"curies":[{"name":"wp","href":"https:\/\/api.w.org\/{rel}","templated":true}]}}