{"id":52,"date":"2011-02-08T22:52:49","date_gmt":"2011-02-08T22:52:49","guid":{"rendered":"http:\/\/www.pszs.wieruszow.pl\/?page_id=52"},"modified":"2025-09-26T18:36:28","modified_gmt":"2025-09-26T18:36:28","slug":"licealiada-2","status":"publish","type":"page","link":"http:\/\/www.pszs.wieruszow.pl\/?page_id=52","title":{"rendered":"Terminarze \/ Licealiada"},"content":{"rendered":"<p><a href=\"http:\/\/www.pszs.wieruszow.pl\/wp-content\/uploads\/2011\/02\/Udzia\u0142-Szk\u00f3\u0142-Poiatu-Licealiada-2016-2017-1.pdf-1.pdf\">Udzial szk\u00f3\u0142 powiatu Licealiada 2016-2017 <strong>(pdf)<\/strong><\/a><\/p>\n<p><a href=\"http:\/\/www.pszs.wieruszow.pl\/wp-content\/uploads\/2011\/02\/Terminarz-Licealiady-2016-2017-dla-Powiatu-Wierusz\u00f3w.pdf.pdf\">Terminarz Licealiady 2016-2017 dla Powiatu Wierusz\u00f3w <strong>(pdf)<\/strong><\/a><\/p>\n<p><a href=\"http:\/\/www.pszs.wieruszow.pl\/wp-content\/uploads\/2011\/02\/3.Terminarz-Liceliady-2017-2018-dla-Powiatu-Wierusz\u00f3w.pdf\">Terminarz-Liceliady 2017-2018 dla Powiatu Wierusz\u00f3w <strong>(pdf)<\/strong><\/a><\/p>\n<p><a href=\"http:\/\/www.pszs.wieruszow.pl\/wp-content\/uploads\/2018\/10\/3.Terminarz-Liceliady-2018-2019-dla-Powiatu-Wierusz\u00f3w.pdf\">Terminarz-Liceliady 2018-2019 dla Powiatu Wierusz\u00f3w\u00a0<strong>(pdf)<\/strong><\/a><\/p>\n<p><a href=\"http:\/\/www.pszs.wieruszow.pl\/wp-content\/uploads\/2019\/09\/3.Terminarz-Liceliady-2019-2020-dla-Powiatu-Wierusz\u00f3w-19.09.2019r.pdf\">Terminarz-Liceliady 2019-2020 dla Powiatu Wierusz\u00f3w 19.09.2019r <strong>(pdf)<\/strong><\/a><\/p>\n<p><a href=\"http:\/\/www.pszs.wieruszow.pl\/wp-content\/uploads\/2020\/09\/3.2Terminarz-Licealiada-2020-2021.Powiat-Wierusz\u00f3w-7.09.2020r.pdf\">Terminarz-Licealiada 2020-2021.Powiat Wierusz\u00f3w 7.09.2020r <strong>(pdf)<\/strong><\/a><\/p>\n<p><a href=\"http:\/\/www.pszs.wieruszow.pl\/wp-content\/uploads\/2022\/04\/03.Terminarz-Licealiada-2021-2022-Powiat-Wieruszow.K.pdf\">Terminarz Licealiada 2021-2022 Powiat Wierusz\u00f3w.9.09.2021 <\/a><a href=\"http:\/\/www.pszs.wieruszow.pl\/wp-content\/uploads\/2020\/09\/3.2Terminarz-Licealiada-2020-2021.Powiat-Wierusz\u00f3w-7.09.2020r.pdf\"><strong>(pdf)<\/strong><\/a><\/p>\n<p><a href=\"http:\/\/www.pszs.wieruszow.pl\/wp-content\/uploads\/2022\/10\/03.Terminarz-Licealiada-2022-2023-dla-Powiat-Wieruszow..pdf\">Terminarz Licealiada 2022-2023 dla Powiat Wierusz\u00f3w.09.098.2022r <strong>(pdf)<\/strong><\/a><\/p>\n<p><a href=\"http:\/\/www.pszs.wieruszow.pl\/wp-content\/uploads\/2023\/10\/03.Terminarz-Licealiada-2023-2024-dla-Gminy-Powiat-Wieruszow.26.08.2023r.pdf\">Terminarz Licealiada 2023-2024 dla Gminy-Powiat<\/a><a href=\"http:\/\/www.pszs.wieruszow.pl\/wp-content\/uploads\/2023\/10\/03.Terminarz-Licealiada-2023-2024-dla-Gminy-Powiat-Wieruszow.26.08.2023r.pdf\"> Wierusz\u00f3w.(26.08.2023r).<strong>(pdf)<\/strong><\/a><\/p>\n<p><a href=\"http:\/\/www.pszs.wieruszow.pl\/wp-content\/uploads\/2025\/05\/03.Terminarz-Licealiada-2024-2025-dla-Gminy-Powiat-Wieruszow.15.05.2025r.pdf\">Terminarz Licealiada 2024-2025 dla Gminy-Powiat Wierusz\u00f3w.(15.05.2025r).<\/a><a href=\"http:\/\/www.pszs.wieruszow.pl\/wp-content\/uploads\/2024\/10\/03.Terminarz-Licealiada-2024-2025-dla-Gminy-Powiat-Wieruszow.23.0.2024r.pdf\"><strong>(pdf)<\/strong><\/a><\/p>\n<p><a href=\"http:\/\/www.pszs.wieruszow.pl\/wp-content\/uploads\/2025\/09\/03.Terminarz-Licealiada-2025-2026-dla-Gminy-Powiat-Wieruszow.24.09.2025r.pdf\">Terminarz Licealiada 2025-2026 dla Gminy-Powiat Wierusz\u00f3w.(24.09.2025r)<strong>(pdf)<\/strong><\/a><\/p>\n<p>&nbsp;<\/p>\n<p>&nbsp;<\/p>\n<p>&nbsp;<\/p>\n<p>&nbsp;<\/p>\n<p style=\"margin-top: 40px;\"><strong>Uwaga:<\/strong> Do otwarcia dokumentu w\u00a0formacie pdf wymagane jest zainstalowanie w\u00a0systemie operacyjnym darmowej przegl\u0105darki <a href=\"http:\/\/www.adobe.com\/products\/acrobat\/readstep2_allversions.html\">Adobe Reader<\/a> lub\u00a0<a href=\"http:\/\/www.foxitsoftware.com\/downloads\/index.php\">Foxit <\/a><\/p>\n","protected":false},"excerpt":{"rendered":"<p>Udzial szk\u00f3\u0142 powiatu Licealiada 2016-2017 (pdf) Terminarz Licealiady 2016-2017 dla Powiatu Wierusz\u00f3w (pdf) Terminarz-Liceliady 2017-2018 dla Powiatu Wierusz\u00f3w (pdf) Terminarz-Liceliady 2018-2019 dla Powiatu Wierusz\u00f3w\u00a0(pdf) Terminarz-Liceliady 2019-2020 dla Powiatu Wierusz\u00f3w 19.09.2019r (pdf) Terminarz-Licealiada 2020-2021.Powiat Wierusz\u00f3w 7.09.2020r (pdf) Terminarz Licealiada 2021-2022 Powiat Wierusz\u00f3w.9.09.2021 (pdf) Terminarz Licealiada 2022-2023 dla Powiat Wierusz\u00f3w.09.098.2022r (pdf) Terminarz Licealiada 2023-2024 dla Gminy-Powiat Wierusz\u00f3w.(26.08.2023r).(pdf) [&hellip;]<\/p>\n","protected":false},"author":2,"featured_media":0,"parent":0,"menu_order":0,"comment_status":"closed","ping_status":"closed","template":"page-left.php","meta":[],"_links":{"self":[{"href":"http:\/\/www.pszs.wieruszow.pl\/index.php?rest_route=\/wp\/v2\/pages\/52"}],"collection":[{"href":"http:\/\/www.pszs.wieruszow.pl\/index.php?rest_route=\/wp\/v2\/pages"}],"about":[{"href":"http:\/\/www.pszs.wieruszow.pl\/index.php?rest_route=\/wp\/v2\/types\/page"}],"author":[{"embeddable":true,"href":"http:\/\/www.pszs.wieruszow.pl\/index.php?rest_route=\/wp\/v2\/users\/2"}],"replies":[{"embeddable":true,"href":"http:\/\/www.pszs.wieruszow.pl\/index.php?rest_route=%2Fwp%2Fv2%2Fcomments&post=52"}],"version-history":[{"count":42,"href":"http:\/\/www.pszs.wieruszow.pl\/index.php?rest_route=\/wp\/v2\/pages\/52\/revisions"}],"predecessor-version":[{"id":13312,"href":"http:\/\/www.pszs.wieruszow.pl\/index.php?rest_route=\/wp\/v2\/pages\/52\/revisions\/13312"}],"wp:attachment":[{"href":"http:\/\/www.pszs.wieruszow.pl\/index.php?rest_route=%2Fwp%2Fv2%2Fmedia&parent=52"}],"curies":[{"name":"wp","href":"https:\/\/api.w.org\/{rel}","templated":true}]}}