{"id":72,"date":"2011-02-08T22:56:45","date_gmt":"2011-02-08T22:56:45","guid":{"rendered":"http:\/\/www.pszs.wieruszow.pl\/?page_id=72"},"modified":"2022-11-27T11:42:10","modified_gmt":"2022-11-27T11:42:10","slug":"organizacja-zawodow","status":"publish","type":"page","link":"http:\/\/www.pszs.wieruszow.pl\/?page_id=72","title":{"rendered":"Organizacja zawod\u00f3w"},"content":{"rendered":"<p style=\"margin-top: 20px;\"><a href=\"http:\/\/www.pszs.wieruszow.pl\/wp-content\/uploads\/2011\/02\/Porozumienie-PSZS-Powiat-Wierusowski-s-1.pdf\">Porozumienie PSZS-Powiat Wierusowski s.1<\/a><\/p>\n<p style=\"margin-top: 20px;\"><a href=\"http:\/\/www.pszs.wieruszow.pl\/wp-content\/uploads\/2011\/02\/Porozumienie-PSZS-Powiat-Wierusowski-s-2.pdf\">Porozumienie PSZS-Powiat Wierusowski s.2<\/a><\/p>\n<p style=\"margin-top: 20px;\"><a href=\"http:\/\/www.pszs.wieruszow.pl\/wp-content\/uploads\/2011\/02\/Porozumienie-PSZS-Powiat-Wierusowski-s-3.pdf\">Porozumienie PSZS-Powiat Wierusowski s.3<\/a><\/p>\n<p style=\"margin-top: 20px;\"><!--more--><\/p>\n<p style=\"margin-top: 20px;\"><a href=\"http:\/\/www.pszs.wieruszow.pl\/wp-content\/uploads\/2016\/03\/Podanie-o-realizacje-zawodow-WZOR-doc.docx\" rel=\"\">Podanie o realizacje zawodow &#8211; WZOR<strong> (doc)<\/strong><\/a><\/p>\n<p style=\"margin-top: 20px;\"><a href=\"http:\/\/www.pszs.wieruszow.pl\/wp-content\/uploads\/2014\/09\/Zgloszenie-zbiorcze.doc\">Zgloszenie-zbiorcze <strong>(doc)<\/strong><\/a><\/p>\n<p style=\"margin-top: 20px;\"><a href=\"http:\/\/www.pszs.wieruszow.pl\/wp-content\/uploads\/2014\/09\/Zgloszenie-zbiorcze.pdf\">Zgloszenie-zbiorcze <strong>(pdf)<\/strong><\/a><\/p>\n<p style=\"margin-top: 20px;\"><a href=\"http:\/\/www.pszs.wieruszow.pl\/wp-content\/uploads\/2011\/02\/zgloszeni-do-zawodow.pdf\" target=\"popup\" rel=\"noopener\">Zg\u0142oszenie do zawod\u00f3w PSZS w Wieruszowie <strong>(pdf)<\/strong><\/a><\/p>\n<p style=\"margin-top: 60px;\"><a href=\"http:\/\/www.pszs.wieruszow.pl\/wp-content\/uploads\/2011\/02\/kkzp-ims.doc\">Komunikat ko\u0144cowy z zawod\u00f3w powiatowych &#8211; ID <strong>(doc)<\/strong><\/a><\/p>\n<p style=\"margin-top: 30px;\"><a href=\"http:\/\/www.pszs.wieruszow.pl\/wp-content\/uploads\/2022\/11\/kkzp-ims.doc\">Komunikat ko\u0144cowy z zawod\u00f3w powiatowych &#8211; IMS <strong>(doc)<\/strong><\/a><\/p>\n<p style=\"margin-top: 30px;\"><a href=\"http:\/\/www.pszs.wieruszow.pl\/wp-content\/uploads\/2011\/02\/kkzp-licealiada.doc\">Komunikat ko\u0144cowy z zawod\u00f3w powiatowych &#8211; Licealiada <strong>(doc)<\/strong><\/a><\/p>\n<p style=\"margin-top: 60px;\"><a href=\"http:\/\/www.pszs.wieruszow.pl\/wp-content\/uploads\/2012\/09\/roz1.pdf\">Rozporz\u0105dzenie Ministra Zdrowia z dnia 29 sierpnia 2009 r. w sprawie \u015bwiadcze\u0144 gwarantowanych z zakresu podstawowej opieki zdrowotnej <strong>(pdf)<\/strong><\/a><\/p>\n<p style=\"margin-top: 30px;\"><a href=\"http:\/\/www.pszs.wieruszow.pl\/wp-content\/uploads\/2012\/09\/roz2.pdf\">Komunikat Zarz\u0105du G\u0142\u00f3wnego Szkolnego Zwi\u0105zku Sportowego w sprawie wymaganych bada\u0144 lekarskich dopuszczaj\u0105cych m\u0142odzie\u017c szkoln\u0105 do zawod\u00f3w <strong>(pdf)<\/strong><\/a><\/p>\n<p style=\"margin-top: 60px;\"><a href=\"http:\/\/www.pszs.wieruszow.pl\/wp-content\/uploads\/2012\/09\/tab-ims-dz-la4.pdf\">Lekkoatletyczne Tabele Punktowe (Czw\u00f3rb\u00f3j lekkoatletyczny) \u2013 dziewcz\u0119ta &#8211; IMS <strong>(pdf)<\/strong><\/a><\/p>\n<p style=\"margin-top: 30px;\"><a href=\"http:\/\/www.pszs.wieruszow.pl\/wp-content\/uploads\/2012\/09\/tab-ims-ch-la4.pdf\">Lekkoatletyczne Tabele Punktowe (Czw\u00f3rb\u00f3j lekkoatletyczny) \u2013 ch\u0142opcy &#8211; IMS <strong>(pdf)<\/strong><\/a><\/p>\n<p style=\"margin-top: 30px;\"><a href=\"http:\/\/www.pszs.wieruszow.pl\/wp-content\/uploads\/2012\/09\/tab-gim-dz-la4.pdf\">Lekkoatletyczne Tabele Punktowe (Lekkoatletyczna\u00a0 liga szk\u00f3\u0142 gimnazjalnych) \u2013 dziewcz\u0119ta<br \/>\n&#8211; Gimnazjada <strong>(pdf)<\/strong><\/a><\/p>\n<p style=\"margin-top: 30px;\"><a href=\"http:\/\/www.pszs.wieruszow.pl\/wp-content\/uploads\/2012\/09\/tab-gim-ch-la4.pdf\">Lekkoatletyczne Tabele Punktowe (Lekkoatletyczna liga szk\u00f3\u0142 gimnazjalnych) \u2013 ch\u0142opcy<br \/>\n&#8211; Gimnazjada <strong>(pdf)<\/strong><\/a><\/p>\n<p style=\"margin-top: 30px;\"><a href=\"http:\/\/www.pszs.wieruszow.pl\/wp-content\/uploads\/2012\/09\/tab-pon-dz-la4.pdf\">Lekkoatletyczne Tabele Punktowe (Lekkoatletyczna liga szk\u00f3\u0142 ponadgimnazjalnych) \u2013 dziewcz\u0119ta &#8211;\u00a0Licealiada <strong>(pdf)<\/strong><\/a><\/p>\n<p style=\"margin-top: 30px;\"><a href=\"http:\/\/www.pszs.wieruszow.pl\/wp-content\/uploads\/2012\/09\/tab-pon-ch-la4.pdf\">Lekkoatletyczne Tabele Punktowe (Lekkoatletyczna liga szk\u00f3\u0142 ponadgimnazjalnych) \u2013 ch\u0142opcy<br \/>\n&#8211;\u00a0Licealiada <strong>(pdf)<\/strong><\/a><\/p>\n<p style=\"margin-top: 40px;\"><strong>Uwaga:<\/strong> Do otwarcia dokumentu w formacie <strong>pdf<\/strong> wymagane jest zainstalowanie w systemie operacyjnym darmowej przegl\u0105darki <a href=\"http:\/\/www.adobe.com\/products\/acrobat\/readstep2_allversions.html\">Adobe Reader<\/a> lub <a href=\"http:\/\/www.foxitsoftware.com\/downloads\/index.php\">Foxit Reader<\/a>.<br \/>\nDo otwar\u00adcia doku\u00admentu w\u00a0for\u00adma\u00adcie\u00a0<strong>doc<\/strong>\u00a0wyma\u00adgane jest zain\u00adsta\u00adlo\u00adwa\u00adnie w\u00a0sys\u00adte\u00admie ope\u00adra\u00adcyj\u00adnym edytora tekstu Microsoft Word z\u00a0pakietu Office.<\/p>\n","protected":false},"excerpt":{"rendered":"<p>Porozumienie PSZS-Powiat Wierusowski s.1 Porozumienie PSZS-Powiat Wierusowski s.2 Porozumienie PSZS-Powiat Wierusowski s.3<\/p>\n","protected":false},"author":2,"featured_media":0,"parent":82,"menu_order":1,"comment_status":"closed","ping_status":"closed","template":"page-left.php","meta":[],"_links":{"self":[{"href":"http:\/\/www.pszs.wieruszow.pl\/index.php?rest_route=\/wp\/v2\/pages\/72"}],"collection":[{"href":"http:\/\/www.pszs.wieruszow.pl\/index.php?rest_route=\/wp\/v2\/pages"}],"about":[{"href":"http:\/\/www.pszs.wieruszow.pl\/index.php?rest_route=\/wp\/v2\/types\/page"}],"author":[{"embeddable":true,"href":"http:\/\/www.pszs.wieruszow.pl\/index.php?rest_route=\/wp\/v2\/users\/2"}],"replies":[{"embeddable":true,"href":"http:\/\/www.pszs.wieruszow.pl\/index.php?rest_route=%2Fwp%2Fv2%2Fcomments&post=72"}],"version-history":[{"count":51,"href":"http:\/\/www.pszs.wieruszow.pl\/index.php?rest_route=\/wp\/v2\/pages\/72\/revisions"}],"predecessor-version":[{"id":12541,"href":"http:\/\/www.pszs.wieruszow.pl\/index.php?rest_route=\/wp\/v2\/pages\/72\/revisions\/12541"}],"up":[{"embeddable":true,"href":"http:\/\/www.pszs.wieruszow.pl\/index.php?rest_route=\/wp\/v2\/pages\/82"}],"wp:attachment":[{"href":"http:\/\/www.pszs.wieruszow.pl\/index.php?rest_route=%2Fwp%2Fv2%2Fmedia&parent=72"}],"curies":[{"name":"wp","href":"https:\/\/api.w.org\/{rel}","templated":true}]}}