{"id":74,"date":"2011-02-08T22:57:05","date_gmt":"2011-02-08T22:57:05","guid":{"rendered":"http:\/\/www.pszs.wieruszow.pl\/?page_id=74"},"modified":"2016-10-05T23:30:03","modified_gmt":"2016-10-05T23:30:03","slug":"sedziowskie","status":"publish","type":"page","link":"http:\/\/www.pszs.wieruszow.pl\/?page_id=74","title":{"rendered":"S\u0119dziowskie"},"content":{"rendered":"<p style=\"margin-top: 20px;\"><a href=\"http:\/\/www.pszs.wieruszow.pl\/wp-content\/uploads\/2011\/02\/protokol-koszykowka.pdf\" target=\"popup\">Protok\u00f3\u0142 zawod\u00f3w &#8211; pi\u0142ka koszykowa <strong>(pdf)<\/strong><\/a><\/p>\n<p style=\"margin-top: 20px;\"><a href=\"http:\/\/www.pszs.wieruszow.pl\/wp-content\/uploads\/2011\/02\/protokol-pilka-reczna.pdf\" target=\"popup\">Protok\u00f3\u0142 zawod\u00f3w &#8211; pi\u0142ka r\u0119czna <strong>(pdf)<\/strong><\/a><\/p>\n<p style=\"margin-top: 20px;\"><a href=\"http:\/\/www.pszs.wieruszow.pl\/wp-content\/uploads\/2011\/02\/protokol-mini-koszykowka.pdf\" target=\"popup\">Protok\u00f3\u0142 zawod\u00f3w &#8211; mini koszyk\u00f3wka <strong>(pdf)<\/strong><\/a><\/p>\n<p style=\"margin-top: 20px;\"><a href=\"http:\/\/www.pszs.wieruszow.pl\/wp-content\/uploads\/2011\/02\/protokol-pilka-nozna.pdf\" target=\"popup\">Protok\u00f3\u0142 zawod\u00f3w &#8211; pi\u0142ka no\u017cna <strong>(pdf)<\/strong><\/a><\/p>\n<p style=\"margin-top: 20px;\"><a href=\"http:\/\/www.pszs.wieruszow.pl\/wp-content\/uploads\/2011\/02\/Protok\u00f3\u0142-zawod\u00f3w-pi\u0142ka-no\u017cna-pdf-0.2MB.pdf\">Protok\u00f3\u0142 zawod\u00f3w &#8211; pi\u0142ka\u00a0siatkowa <strong>(pdf)<\/strong><\/a><\/p>\n<p style=\"margin-top: 20px;\"><a href=\"http:\/\/www.pszs.wieruszow.pl\/wp-content\/uploads\/2011\/02\/Potok\u00f3\u0142-zawod\u00f3w-la.biegi_.pdf\">Protok\u00f3\u0142 zawodow &#8211; la.biegi <strong>(pdf)<\/strong><\/a><\/p>\n<p style=\"margin-top: 20px;\"><a href=\"http:\/\/www.pszs.wieruszow.pl\/wp-content\/uploads\/2011\/02\/Protok\u00f3\u0142-zawod\u00f3w-la.tech_.4p..pdf\">Protok\u00f3\u0142\u00a0zawodow &#8211; la.tech.4p <strong>(pdf)<\/strong><\/a><\/p>\n<p style=\"margin-top: 20px;\"><a href=\"http:\/\/www.pszs.wieruszow.pl\/wp-content\/uploads\/2011\/02\/Protok\u00f3\u0142-zawod\u00f3w-sztafetowych-bieg\u00f3w-przelajowych.pdf\">Protok\u00f3\u0142 zawodow &#8211; sztafetowe biegi przelajowe <strong>(pdf)<\/strong><\/a><\/p>\n<p style=\"margin-top: 40px;\"><strong>Uwaga:<\/strong> Do otwarcia dokumentu w formacie pdf wymagane jest zainstalowanie w systemie operacyjnym darmowej przegl\u0105darki <a href=\"http:\/\/www.adobe.com\/products\/acrobat\/readstep2_allversions.html\">Adobe Reader<\/a> lub <a href=\"http:\/\/www.foxitsoftware.com\/downloads\/index.php\">Foxit Reader<\/a>.<\/p>\n","protected":false},"excerpt":{"rendered":"<p>Protok\u00f3\u0142 zawod\u00f3w &#8211; pi\u0142ka koszykowa (pdf) Protok\u00f3\u0142 zawod\u00f3w &#8211; pi\u0142ka r\u0119czna (pdf) Protok\u00f3\u0142 zawod\u00f3w &#8211; mini koszyk\u00f3wka (pdf) Protok\u00f3\u0142 zawod\u00f3w &#8211; pi\u0142ka no\u017cna (pdf) Protok\u00f3\u0142 zawod\u00f3w &#8211; pi\u0142ka\u00a0siatkowa (pdf) Protok\u00f3\u0142 zawodow &#8211; la.biegi (pdf) Protok\u00f3\u0142\u00a0zawodow &#8211; la.tech.4p (pdf) Protok\u00f3\u0142 zawodow &#8211; sztafetowe biegi przelajowe (pdf) Uwaga: Do otwarcia dokumentu w formacie pdf wymagane jest zainstalowanie [&hellip;]<\/p>\n","protected":false},"author":2,"featured_media":0,"parent":0,"menu_order":0,"comment_status":"closed","ping_status":"closed","template":"page-left.php","meta":[],"_links":{"self":[{"href":"http:\/\/www.pszs.wieruszow.pl\/index.php?rest_route=\/wp\/v2\/pages\/74"}],"collection":[{"href":"http:\/\/www.pszs.wieruszow.pl\/index.php?rest_route=\/wp\/v2\/pages"}],"about":[{"href":"http:\/\/www.pszs.wieruszow.pl\/index.php?rest_route=\/wp\/v2\/types\/page"}],"author":[{"embeddable":true,"href":"http:\/\/www.pszs.wieruszow.pl\/index.php?rest_route=\/wp\/v2\/users\/2"}],"replies":[{"embeddable":true,"href":"http:\/\/www.pszs.wieruszow.pl\/index.php?rest_route=%2Fwp%2Fv2%2Fcomments&post=74"}],"version-history":[{"count":15,"href":"http:\/\/www.pszs.wieruszow.pl\/index.php?rest_route=\/wp\/v2\/pages\/74\/revisions"}],"predecessor-version":[{"id":8595,"href":"http:\/\/www.pszs.wieruszow.pl\/index.php?rest_route=\/wp\/v2\/pages\/74\/revisions\/8595"}],"wp:attachment":[{"href":"http:\/\/www.pszs.wieruszow.pl\/index.php?rest_route=%2Fwp%2Fv2%2Fmedia&parent=74"}],"curies":[{"name":"wp","href":"https:\/\/api.w.org\/{rel}","templated":true}]}}